{"id":537,"date":"2023-04-22T13:25:08","date_gmt":"2023-04-22T18:25:08","guid":{"rendered":"https:\/\/translateit.me\/accueil\/"},"modified":"2025-01-29T15:46:26","modified_gmt":"2025-01-29T20:46:26","slug":"accueil","status":"publish","type":"page","link":"https:\/\/translateit.me\/fr\/","title":{"rendered":"Accueil"},"content":{"rendered":"\n\n\tVoir la section VII. \u00ab\u00a0EXCLUSIONS\u00a0\u00bb du pr\u00e9sent CONTRAT. L&rsquo;UTILISATION COMMERCIALE comprend, sans s&rsquo;y limiter, ce qui suit : (a) l&rsquo;utilisation par des agences gouvernementales, y compris, mais sans s&rsquo;y limiter (<br \/>\n), les services militaires, d&rsquo;incendie ou de police ; (b) l&rsquo;utilisation comme v\u00e9hicule de location, navette ou toute autre activit\u00e9 de \u00ab\u00a0location\u00a0\u00bb ; (c) l&rsquo;utilisation pour la livraison professionnelle d&rsquo;\u00e9quipements et\/ou de mat\u00e9riaux.<br \/>\nCeci inclut, mais n&rsquo;est pas limit\u00e9 \u00e0, la construction, la menuiserie, la soudure, la r\u00e9paration mobile ou la livraison ; (d) l&rsquo;utilisation en tant que v\u00e9hicules d&rsquo;urgence ; e) l&rsquo;utilisation dans le cadre de travaux d&rsquo;acheminement, tels que la livraison de journaux ou de courrier (<br \/>\n), ou d&rsquo;activit\u00e9s de r\u00e9paration des itin\u00e9raires. L&rsquo;UTILISATION COMMERCIALE n&rsquo;inclut pas les parcs de v\u00e9hicules des terrains de golf ni l&rsquo;utilisation des parcs de v\u00e9hicules des terrains de golf.\n\n","protected":false},"excerpt":{"rendered":"<p>Voir la section VII. \u00ab\u00a0EXCLUSIONS\u00a0\u00bb du pr\u00e9sent CONTRAT. L&rsquo;UTILISATION COMMERCIALE comprend, sans s&rsquo;y limiter, ce qui suit : (a) l&rsquo;utilisation par des agences gouvernementales, y compris, mais sans s&rsquo;y limiter ( ), les services militaires, d&rsquo;incendie ou de police ; (b) l&rsquo;utilisation comme v\u00e9hicule de location, navette ou toute autre activit\u00e9 de \u00ab\u00a0location\u00a0\u00bb ; (c)&hellip;<\/p>\n","protected":false},"author":3,"featured_media":0,"parent":0,"menu_order":0,"comment_status":"closed","ping_status":"closed","template":"","meta":{"footnotes":""},"class_list":["post-537","page","type-page","status-publish","hentry"],"yoast_head":"<!-- This site is optimized with the Yoast SEO plugin v27.1.1 - https:\/\/yoast.com\/product\/yoast-seo-wordpress\/ -->\n<title>Accueil - Translate It<\/title>\n<meta name=\"robots\" content=\"noindex, follow, max-snippet:-1, max-image-preview:large, max-video-preview:-1\" \/>\n<meta property=\"og:locale\" content=\"fr_CA\" \/>\n<meta property=\"og:type\" content=\"article\" \/>\n<meta property=\"og:title\" content=\"Accueil - Translate It\" \/>\n<meta property=\"og:description\" content=\"Voir la section VII. \u00ab\u00a0EXCLUSIONS\u00a0\u00bb du pr\u00e9sent CONTRAT. L&rsquo;UTILISATION COMMERCIALE comprend, sans s&rsquo;y limiter, ce qui suit : (a) l&rsquo;utilisation par des agences gouvernementales, y compris, mais sans s&rsquo;y limiter ( ), les services militaires, d&rsquo;incendie ou de police ; (b) l&rsquo;utilisation comme v\u00e9hicule de location, navette ou toute autre activit\u00e9 de \u00ab\u00a0location\u00a0\u00bb ; (c)&hellip;\" \/>\n<meta property=\"og:url\" content=\"https:\/\/translateit.me\/fr\/\" \/>\n<meta property=\"og:site_name\" content=\"Translate It\" \/>\n<meta property=\"article:modified_time\" content=\"2025-01-29T20:46:26+00:00\" \/>\n<meta name=\"twitter:card\" content=\"summary_large_image\" \/>\n<meta name=\"twitter:label1\" content=\"Estimation du temps de lecture\" \/>\n\t<meta name=\"twitter:data1\" content=\"1 minute\" \/>\n<script type=\"application\/ld+json\" class=\"yoast-schema-graph\">{\"@context\":\"https:\/\/schema.org\",\"@graph\":[{\"@type\":\"WebPage\",\"@id\":\"https:\/\/translateit.me\/fr\/\",\"url\":\"https:\/\/translateit.me\/fr\/\",\"name\":\"Accueil - Translate It\",\"isPartOf\":{\"@id\":\"https:\/\/translateit.me\/fr\/#website\"},\"datePublished\":\"2023-04-22T18:25:08+00:00\",\"dateModified\":\"2025-01-29T20:46:26+00:00\",\"breadcrumb\":{\"@id\":\"https:\/\/translateit.me\/fr\/#breadcrumb\"},\"inLanguage\":\"fr-CA\",\"potentialAction\":[{\"@type\":\"ReadAction\",\"target\":[\"https:\/\/translateit.me\/fr\/\"]}]},{\"@type\":\"BreadcrumbList\",\"@id\":\"https:\/\/translateit.me\/fr\/#breadcrumb\",\"itemListElement\":[{\"@type\":\"ListItem\",\"position\":1,\"name\":\"Home\",\"item\":\"https:\/\/translateit.me\/fr\/\"},{\"@type\":\"ListItem\",\"position\":2,\"name\":\"Accueil\"}]},{\"@type\":\"WebSite\",\"@id\":\"https:\/\/translateit.me\/fr\/#website\",\"url\":\"https:\/\/translateit.me\/fr\/\",\"name\":\"Translate It\",\"description\":\"Private Translator\",\"potentialAction\":[{\"@type\":\"SearchAction\",\"target\":{\"@type\":\"EntryPoint\",\"urlTemplate\":\"https:\/\/translateit.me\/fr\/?s={search_term_string}\"},\"query-input\":{\"@type\":\"PropertyValueSpecification\",\"valueRequired\":true,\"valueName\":\"search_term_string\"}}],\"inLanguage\":\"fr-CA\"}]}<\/script>\n<!-- \/ Yoast SEO plugin. -->","yoast_head_json":{"title":"Accueil - Translate It","robots":{"index":"noindex","follow":"follow","max-snippet":"max-snippet:-1","max-image-preview":"max-image-preview:large","max-video-preview":"max-video-preview:-1"},"og_locale":"fr_CA","og_type":"article","og_title":"Accueil - Translate It","og_description":"Voir la section VII. \u00ab\u00a0EXCLUSIONS\u00a0\u00bb du pr\u00e9sent CONTRAT. L&rsquo;UTILISATION COMMERCIALE comprend, sans s&rsquo;y limiter, ce qui suit : (a) l&rsquo;utilisation par des agences gouvernementales, y compris, mais sans s&rsquo;y limiter ( ), les services militaires, d&rsquo;incendie ou de police ; (b) l&rsquo;utilisation comme v\u00e9hicule de location, navette ou toute autre activit\u00e9 de \u00ab\u00a0location\u00a0\u00bb ; (c)&hellip;","og_url":"https:\/\/translateit.me\/fr\/","og_site_name":"Translate It","article_modified_time":"2025-01-29T20:46:26+00:00","twitter_card":"summary_large_image","twitter_misc":{"Estimation du temps de lecture":"1 minute"},"schema":{"@context":"https:\/\/schema.org","@graph":[{"@type":"WebPage","@id":"https:\/\/translateit.me\/fr\/","url":"https:\/\/translateit.me\/fr\/","name":"Accueil - Translate It","isPartOf":{"@id":"https:\/\/translateit.me\/fr\/#website"},"datePublished":"2023-04-22T18:25:08+00:00","dateModified":"2025-01-29T20:46:26+00:00","breadcrumb":{"@id":"https:\/\/translateit.me\/fr\/#breadcrumb"},"inLanguage":"fr-CA","potentialAction":[{"@type":"ReadAction","target":["https:\/\/translateit.me\/fr\/"]}]},{"@type":"BreadcrumbList","@id":"https:\/\/translateit.me\/fr\/#breadcrumb","itemListElement":[{"@type":"ListItem","position":1,"name":"Home","item":"https:\/\/translateit.me\/fr\/"},{"@type":"ListItem","position":2,"name":"Accueil"}]},{"@type":"WebSite","@id":"https:\/\/translateit.me\/fr\/#website","url":"https:\/\/translateit.me\/fr\/","name":"Translate It","description":"Private Translator","potentialAction":[{"@type":"SearchAction","target":{"@type":"EntryPoint","urlTemplate":"https:\/\/translateit.me\/fr\/?s={search_term_string}"},"query-input":{"@type":"PropertyValueSpecification","valueRequired":true,"valueName":"search_term_string"}}],"inLanguage":"fr-CA"}]}},"_links":{"self":[{"href":"https:\/\/translateit.me\/fr\/wp-json\/wp\/v2\/pages\/537","targetHints":{"allow":["GET"]}}],"collection":[{"href":"https:\/\/translateit.me\/fr\/wp-json\/wp\/v2\/pages"}],"about":[{"href":"https:\/\/translateit.me\/fr\/wp-json\/wp\/v2\/types\/page"}],"author":[{"embeddable":true,"href":"https:\/\/translateit.me\/fr\/wp-json\/wp\/v2\/users\/3"}],"replies":[{"embeddable":true,"href":"https:\/\/translateit.me\/fr\/wp-json\/wp\/v2\/comments?post=537"}],"version-history":[{"count":0,"href":"https:\/\/translateit.me\/fr\/wp-json\/wp\/v2\/pages\/537\/revisions"}],"wp:attachment":[{"href":"https:\/\/translateit.me\/fr\/wp-json\/wp\/v2\/media?parent=537"}],"curies":[{"name":"wp","href":"https:\/\/api.w.org\/{rel}","templated":true}]}}